{"id":31,"date":"2015-10-21T12:34:01","date_gmt":"2015-10-21T12:34:01","guid":{"rendered":"http:\/\/test.kriesi.at\/construction\/?page_id=31"},"modified":"2021-06-02T08:09:46","modified_gmt":"2021-06-02T08:09:46","slug":"company","status":"publish","type":"page","link":"https:\/\/sahabsigorta.com?page_id=31","title":{"rendered":"Hakk\u0131m\u0131zda"},"content":{"rendered":"<div id='full_slider_1'  class='avia-fullwidth-slider main_color avia-shadow   avia-builder-el-0  el_before_av_section  avia-builder-el-first   container_wrap sidebar_right' style=' '  ><div   data-size='featured_large'  data-lightbox_size='large'  data-animation='fade'  data-conditional_play=''  data-ids='323,369,371'  data-video_counter='0'  data-autoplay='true'  data-bg_slider='false'  data-slide_height=''  data-handle='av_slideshow_full'  data-interval='5'  data-class=' '  data-el_id=''  data-css_id=''  data-scroll_down=''  data-control_layout='av-control-hidden'  data-custom_markup=''  data-perma_caption=''  data-autoplay_stopper=''  data-image_attachment=''  data-min_height='0px'  data-lazy_loading='disabled'  data-src=''  data-position='top left'  data-repeat='no-repeat'  data-attach='scroll'  data-stretch=''  data-default-height='42'  class='avia-slideshow avia-slideshow-1  av-control-hidden av-default-height-applied avia-slideshow-featured_large av_slideshow_full   avia-fade-slider '  itemprop=\"image\" itemscope=\"itemscope\" itemtype=\"https:\/\/schema.org\/ImageObject\" ><ul class='avia-slideshow-inner ' style='padding-bottom: 42%;' ><li  class=' slide-1 ' ><div data-rel='slideshow-1' class='avia-slide-wrap '   ><img decoding=\"async\" class=\"wp-image-323 avia-img-lazy-loading-not-323\"  src=\"https:\/\/sahabsigorta.com\/wp-content\/uploads\/2021\/05\/slider-1-1500x630.png\" width=\"1500\" height=\"630\" title='slider 1' alt=''  itemprop=\"thumbnailUrl\" srcset=\"https:\/\/sahabsigorta.com\/wp-content\/uploads\/2021\/05\/slider-1-1500x630.png 1500w, https:\/\/sahabsigorta.com\/wp-content\/uploads\/2021\/05\/slider-1-300x126.png 300w, https:\/\/sahabsigorta.com\/wp-content\/uploads\/2021\/05\/slider-1-1030x434.png 1030w, https:\/\/sahabsigorta.com\/wp-content\/uploads\/2021\/05\/slider-1-768x323.png 768w, https:\/\/sahabsigorta.com\/wp-content\/uploads\/2021\/05\/slider-1-705x297.png 705w\" sizes=\"(max-width: 1500px) 100vw, 1500px\" \/><\/div><\/li><li  class=' slide-2 ' ><div data-rel='slideshow-1' class='avia-slide-wrap '   ><img decoding=\"async\" class=\"wp-image-369 avia-img-lazy-loading-not-369\"  src=\"https:\/\/sahabsigorta.com\/wp-content\/uploads\/2021\/05\/Arac-sigortasi-2-1500x630.png\" width=\"1500\" height=\"630\" title='Ara\u00e7 sigortas\u0131' alt=''  itemprop=\"thumbnailUrl\" srcset=\"https:\/\/sahabsigorta.com\/wp-content\/uploads\/2021\/05\/Arac-sigortasi-2-1500x630.png 1500w, https:\/\/sahabsigorta.com\/wp-content\/uploads\/2021\/05\/Arac-sigortasi-2-300x126.png 300w, https:\/\/sahabsigorta.com\/wp-content\/uploads\/2021\/05\/Arac-sigortasi-2-1030x434.png 1030w, https:\/\/sahabsigorta.com\/wp-content\/uploads\/2021\/05\/Arac-sigortasi-2-768x323.png 768w, https:\/\/sahabsigorta.com\/wp-content\/uploads\/2021\/05\/Arac-sigortasi-2-705x297.png 705w\" sizes=\"(max-width: 1500px) 100vw, 1500px\" \/><\/div><\/li><li  class=' slide-3 ' ><div data-rel='slideshow-1' class='avia-slide-wrap '   ><img decoding=\"async\" class=\"wp-image-371 avia-img-lazy-loading-not-371\"  src=\"https:\/\/sahabsigorta.com\/wp-content\/uploads\/2021\/05\/Ev-sigortasi-2-1500x630.png\" width=\"1500\" height=\"630\" title='Ev sigortas\u0131' alt=''  itemprop=\"thumbnailUrl\" srcset=\"https:\/\/sahabsigorta.com\/wp-content\/uploads\/2021\/05\/Ev-sigortasi-2-1500x630.png 1500w, https:\/\/sahabsigorta.com\/wp-content\/uploads\/2021\/05\/Ev-sigortasi-2-300x126.png 300w, https:\/\/sahabsigorta.com\/wp-content\/uploads\/2021\/05\/Ev-sigortasi-2-1030x434.png 1030w, https:\/\/sahabsigorta.com\/wp-content\/uploads\/2021\/05\/Ev-sigortasi-2-768x323.png 768w, https:\/\/sahabsigorta.com\/wp-content\/uploads\/2021\/05\/Ev-sigortasi-2-705x297.png 705w\" sizes=\"(max-width: 1500px) 100vw, 1500px\" \/><\/div><\/li><\/ul><div class='avia-slideshow-arrows avia-slideshow-controls'><a href='#prev' tabindex='-1' class='prev-slide' aria-hidden='true' data-av_icon='\ue87c' data-av_iconfont='entypo-fontello'>\u00d6nceki<\/a><a href='#next' tabindex='-1' class='next-slide' aria-hidden='true' data-av_icon='\ue87d' data-av_iconfont='entypo-fontello'>Sonraki<\/a><\/div><div class='avia-slideshow-dots avia-slideshow-controls'><a href='#1' class='goto-slide active' >1<\/a><a href='#2' class='goto-slide ' >2<\/a><a href='#3' class='goto-slide ' >3<\/a><\/div><\/div><\/div>\n<div id='av_section_1'  class='avia-section main_color avia-section-default avia-no-border-styling  avia-bg-style-scroll  avia-builder-el-1  el_after_av_slideshow_full  el_before_av_section   container_wrap sidebar_right' style=' '  ><div class='container' ><div class='template-page content  av-content-small alpha units'><div class='post-entry post-entry-type-page post-entry-31'><div class='entry-content-wrapper clearfix'>\n<div class=\"flex_column av_one_full  av-animated-generic bottom-to-top  flex_column_div first  avia-builder-el-2  avia-builder-el-no-sibling  \" style='border-width:1px; border-color:#e1e1e1; border-style:solid; padding:20px; background-color:#ffffff; border-radius:0px; '><p><div  style='padding-bottom:0px; ' class='av-special-heading av-special-heading-h2  blockquote modern-quote modern-centered  avia-builder-el-3  el_before_av_hr  avia-builder-el-first  '><h2 class='av-special-heading-tag '  itemprop=\"headline\"  >Vizyonumuz<\/h2><div class='special-heading-border'><div class='special-heading-inner-border' ><\/div><\/div><\/div><br \/>\n<div  style=' margin-top:5px; margin-bottom:75px;'  class='hr hr-custom hr-center hr-icon-no   avia-builder-el-4  el_after_av_heading  el_before_av_textblock '><span class='hr-inner  inner-border-av-border-fat' style=' width:50px; border-color:#efbb20;' ><span class='hr-inner-style'><\/span><\/span><\/div><br \/>\n<section class=\"av_textblock_section \"  itemscope=\"itemscope\" itemtype=\"https:\/\/schema.org\/CreativeWork\" ><div class='avia_textblock  '   itemprop=\"text\" ><p>Sigorta \u015firketi olarak misyonumuzun hasar durumunda m\u00fc\u015fterilerimizin zararlar\u0131n\u0131 telafi etmekten daha fazlas\u0131 oldu\u011funa inan\u0131yor ve bu y\u00f6nde \u00e7al\u0131\u015f\u0131yoruz. Ayn\u0131 zamanda sevdiklerini, hayallerini ve geleceklerini olas\u0131 tehlikelerden koruyoruz.<\/p>\n<p>Yenilik\u00e7i sigorta \u00e7\u00f6z\u00fcmlerimizle m\u00fc\u015fterilerimizin hayat\u0131na de\u011fer katmak, sigortay\u0131 kolay, basit ve eri\u015filebilir bir deneyim haline getirmek birinci \u00f6nceli\u011fimiz olup, bu do\u011frultuda<\/p>\n<p>teknolojimizi ve s\u00fcre\u00e7lerimizi s\u00fcrekli iyile\u015ftirerek somut ad\u0131mlar at\u0131yoruz.<\/p>\n<\/div><\/section><\/p><\/div>\n\n<\/div><\/div><\/div><!-- close content main div --><\/div><\/div><div id='av_section_2'  class='avia-section main_color avia-section-large avia-no-border-styling  avia-bg-style-scroll  avia-builder-el-6  el_after_av_section  el_before_av_section   container_wrap sidebar_right' style=' '  ><div class='container' ><div class='template-page content  av-content-small alpha units'><div class='post-entry post-entry-type-page post-entry-31'><div class='entry-content-wrapper clearfix'>\n<div  style='padding-bottom:0px; ' class='av-special-heading av-special-heading-h2  blockquote modern-quote modern-centered  avia-builder-el-7  el_before_av_hr  avia-builder-el-first  '><h2 class='av-special-heading-tag '  itemprop=\"headline\"  >Sloganlar\u0131m\u0131z<\/h2><div class='special-heading-border'><div class='special-heading-inner-border' ><\/div><\/div><\/div>\n<div  style=' margin-top:5px; margin-bottom:75px;'  class='hr hr-custom hr-center hr-icon-no   avia-builder-el-8  el_after_av_heading  el_before_av_one_third '><span class='hr-inner  inner-border-av-border-fat' style=' width:50px; border-color:#efbb20;' ><span class='hr-inner-style'><\/span><\/span><\/div>\n<div class=\"flex_column av_one_third  av-animated-generic bottom-to-top  flex_column_div av-zero-column-padding first  avia-builder-el-9  el_after_av_hr  el_before_av_one_third  \" style='border-radius:0px; '><article  class=\"iconbox iconbox_left_content    avia-builder-el-10  avia-builder-el-no-sibling  \"  itemscope=\"itemscope\" itemtype=\"https:\/\/schema.org\/CreativeWork\" ><div class=\"iconbox_icon heading-color\" aria-hidden='true' data-av_icon='\ue856' data-av_iconfont='entypo-fontello'  ><\/div><div class=\"iconbox_content\"><header class=\"entry-content-header\"><h3 class='iconbox_content_title  '  itemprop=\"headline\"  >\u00d6NCE M\u00dc\u015eTER\u0130<\/h3><\/header><div class='iconbox_content_container  '  itemprop=\"text\"  ><p>Gayemiz m\u00fc\u015fteridir. Her d\u00fc\u015f\u00fcncemiz m\u00fc\u015fteri ile ba\u015flar. M\u00fc\u015fterilerin ilgisini hak etmek hayat\u0131nda alakal\u0131 ve etkili olmaya devam etmek i\u00e7in onlar\u0131n hem bug\u00fcn hem de gelecekteki ya\u015fam tarz\u0131n\u0131 dikkate al\u0131yoruz.<\/p>\n<\/div><\/div><footer class=\"entry-footer\"><\/footer><\/article><\/div><div class=\"flex_column av_one_third  av-animated-generic bottom-to-top  flex_column_div av-zero-column-padding   avia-builder-el-11  el_after_av_one_third  el_before_av_one_third  \" style='border-radius:0px; '><article  class=\"iconbox iconbox_left_content    avia-builder-el-12  avia-builder-el-no-sibling  \"  itemscope=\"itemscope\" itemtype=\"https:\/\/schema.org\/CreativeWork\" ><div class=\"iconbox_icon heading-color\" aria-hidden='true' data-av_icon='\ue84d' data-av_iconfont='entypo-fontello'  ><\/div><div class=\"iconbox_content\"><header class=\"entry-content-header\"><h3 class='iconbox_content_title  '  itemprop=\"headline\"  >D\u00dcR\u00dcSTL\u00dcK<\/h3><\/header><div class='iconbox_content_container  '  itemprop=\"text\"  ><p>D\u00fcr\u00fcstl\u00fck pusulam\u0131zd\u0131r. G\u00fc\u00e7l\u00fc etik ilkelerimiz sayesinde m\u00fc\u015fterilerimize, \u00e7al\u0131\u015fanlar\u0131m\u0131za, payda\u015flar\u0131m\u0131za ve ortaklar\u0131m\u0131za her zaman en iyiyi sunuyoruz.<\/p>\n<\/div><\/div><footer class=\"entry-footer\"><\/footer><\/article><\/div><div class=\"flex_column av_one_third  av-animated-generic bottom-to-top  flex_column_div av-zero-column-padding   avia-builder-el-13  el_after_av_one_third  avia-builder-el-last  \" style='border-radius:0px; '><article  class=\"iconbox iconbox_left_content    avia-builder-el-14  avia-builder-el-no-sibling  \"  itemscope=\"itemscope\" itemtype=\"https:\/\/schema.org\/CreativeWork\" ><div class=\"iconbox_icon heading-color\" aria-hidden='true' data-av_icon='\ue84c' data-av_iconfont='entypo-fontello'  ><\/div><div class=\"iconbox_content\"><header class=\"entry-content-header\"><h3 class='iconbox_content_title  '  itemprop=\"headline\"  >kalite<\/h3><\/header><div class='iconbox_content_container  '  itemprop=\"text\"  ><p>G\u00fc\u00e7l\u00fc, itibarl\u0131 ve g\u00fcvenilir bir \u015firket olarak, sigortac\u0131l\u0131k ile ilgili ulusal ve uluslararas\u0131 standartlar, kanunlar, y\u00f6netmelikler ve standartlar do\u011frultusunda, vizyon, misyon ve de\u011ferlerimiz do\u011frultusunda y\u00fcksek kaliteli hizmet sunmay\u0131 taahh\u00fct ediyoruz.<\/p>\n<\/div><\/div><footer class=\"entry-footer\"><\/footer><\/article><\/div>\n\n<\/div><\/div><\/div><!-- close content main div --><\/div><\/div><div id='av_section_3'  class='avia-section main_color avia-section-large avia-no-shadow  avia-bg-style-scroll  avia-builder-el-15  el_after_av_section  avia-builder-el-last   container_wrap sidebar_right' style='background-color: #fcfcfc;  '  ><div class='container' ><div class='template-page content  av-content-small alpha units'><div class='post-entry post-entry-type-page post-entry-31'><div class='entry-content-wrapper clearfix'>\n<div class=\"flex_column av_one_third  av-animated-generic bottom-to-top  flex_column_div av-zero-column-padding first  avia-builder-el-16  el_before_av_one_third  avia-builder-el-first  \" style='border-radius:0px; '><p><div  class='avia-image-container  av-styling-no-styling    avia-builder-el-17  el_before_av_heading  avia-builder-el-first  avia-align-center '  itemprop=\"image\" itemscope=\"itemscope\" itemtype=\"https:\/\/schema.org\/ImageObject\"  ><div class='avia-image-container-inner'><div class='avia-image-overlay-wrap'><img decoding=\"async\" class='wp-image-253 avia-img-lazy-loading-not-253 avia_image' src=\"https:\/\/sahabsigorta.com\/wp-content\/uploads\/2021\/04\/www.png\" alt='' title='www' height=\"1224\" width=\"844\"  itemprop=\"thumbnailUrl\" srcset=\"https:\/\/sahabsigorta.com\/wp-content\/uploads\/2021\/04\/www.png 844w, https:\/\/sahabsigorta.com\/wp-content\/uploads\/2021\/04\/www-207x300.png 207w, https:\/\/sahabsigorta.com\/wp-content\/uploads\/2021\/04\/www-710x1030.png 710w, https:\/\/sahabsigorta.com\/wp-content\/uploads\/2021\/04\/www-768x1114.png 768w, https:\/\/sahabsigorta.com\/wp-content\/uploads\/2021\/04\/www-486x705.png 486w\" sizes=\"(max-width: 844px) 100vw, 844px\" \/><\/div><\/div><\/div><br \/>\n<div  style='padding-bottom:0px; ' class='av-special-heading av-special-heading-h3  blockquote modern-quote  avia-builder-el-18  el_after_av_image  el_before_av_hr  '><h3 class='av-special-heading-tag '  itemprop=\"headline\"  >S\u00fcrekli Geli\u015fim <\/h3><div class='special-heading-border'><div class='special-heading-inner-border' ><\/div><\/div><\/div><br \/>\n<div  style=' margin-top:10px; margin-bottom:10px;'  class='hr hr-custom hr-left hr-icon-no   avia-builder-el-19  el_after_av_heading  el_before_av_textblock '><span class='hr-inner  inner-border-av-border-fat' style=' width:50px; border-color:#efbb20;' ><span class='hr-inner-style'><\/span><\/span><\/div><br \/>\n<section class=\"av_textblock_section \"  itemscope=\"itemscope\" itemtype=\"https:\/\/schema.org\/CreativeWork\" ><div class='avia_textblock  '   itemprop=\"text\" ><p>S\u00fcrekli iyile\u015ftirme, en iyinin pe\u015finde ve tam bir de\u011fi\u015fim arzusu.<\/p>\n<\/div><\/section><\/p><\/div><div class=\"flex_column av_one_third  av-animated-generic bottom-to-top  flex_column_div av-zero-column-padding   avia-builder-el-21  el_after_av_one_third  el_before_av_one_third  \" style='border-radius:0px; '><p><div  class='avia-image-container  av-styling-no-styling    avia-builder-el-22  el_before_av_heading  avia-builder-el-first  avia-align-center '  itemprop=\"image\" itemscope=\"itemscope\" itemtype=\"https:\/\/schema.org\/ImageObject\"  ><div class='avia-image-container-inner'><div class='avia-image-overlay-wrap'><img decoding=\"async\" class='wp-image-253 avia-img-lazy-loading-not-253 avia_image' src=\"https:\/\/sahabsigorta.com\/wp-content\/uploads\/2021\/04\/www.png\" alt='' title='www' height=\"1224\" width=\"844\"  itemprop=\"thumbnailUrl\" srcset=\"https:\/\/sahabsigorta.com\/wp-content\/uploads\/2021\/04\/www.png 844w, https:\/\/sahabsigorta.com\/wp-content\/uploads\/2021\/04\/www-207x300.png 207w, https:\/\/sahabsigorta.com\/wp-content\/uploads\/2021\/04\/www-710x1030.png 710w, https:\/\/sahabsigorta.com\/wp-content\/uploads\/2021\/04\/www-768x1114.png 768w, https:\/\/sahabsigorta.com\/wp-content\/uploads\/2021\/04\/www-486x705.png 486w\" sizes=\"(max-width: 844px) 100vw, 844px\" \/><\/div><\/div><\/div><br \/>\n<div  style='padding-bottom:0px; ' class='av-special-heading av-special-heading-h3  blockquote modern-quote  avia-builder-el-23  el_after_av_image  el_before_av_hr  '><h3 class='av-special-heading-tag '  itemprop=\"headline\"  >\u0130\u015fbirli\u011fi<\/h3><div class='special-heading-border'><div class='special-heading-inner-border' ><\/div><\/div><\/div><br \/>\n<div  style=' margin-top:10px; margin-bottom:10px;'  class='hr hr-custom hr-left hr-icon-no   avia-builder-el-24  el_after_av_heading  el_before_av_textblock '><span class='hr-inner  inner-border-av-border-fat' style=' width:50px; border-color:#efbb20;' ><span class='hr-inner-style'><\/span><\/span><\/div><br \/>\n<section class=\"av_textblock_section \"  itemscope=\"itemscope\" itemtype=\"https:\/\/schema.org\/CreativeWork\" ><div class='avia_textblock  '   itemprop=\"text\" ><ul>\n<li>Ortak hedeflere ula\u015fmak i\u00e7in i\u015f ortakl\u0131klar\u0131 kurmak ve i\u015fbirli\u011fine dayal\u0131 bir ekip olarak \u00e7al\u0131\u015fmak.<\/li>\n<\/ul>\n<\/div><\/section><\/p><\/div><div class=\"flex_column av_one_third  av-animated-generic bottom-to-top  flex_column_div av-zero-column-padding   avia-builder-el-26  el_after_av_one_third  avia-builder-el-last  \" style='border-radius:0px; '><p><div  class='avia-image-container  av-styling-no-styling    avia-builder-el-27  el_before_av_heading  avia-builder-el-first  avia-align-center '  itemprop=\"image\" itemscope=\"itemscope\" itemtype=\"https:\/\/schema.org\/ImageObject\"  ><div class='avia-image-container-inner'><div class='avia-image-overlay-wrap'><img decoding=\"async\" class='wp-image-253 avia-img-lazy-loading-not-253 avia_image' src=\"https:\/\/sahabsigorta.com\/wp-content\/uploads\/2021\/04\/www.png\" alt='' title='www' height=\"1224\" width=\"844\"  itemprop=\"thumbnailUrl\" srcset=\"https:\/\/sahabsigorta.com\/wp-content\/uploads\/2021\/04\/www.png 844w, https:\/\/sahabsigorta.com\/wp-content\/uploads\/2021\/04\/www-207x300.png 207w, https:\/\/sahabsigorta.com\/wp-content\/uploads\/2021\/04\/www-710x1030.png 710w, https:\/\/sahabsigorta.com\/wp-content\/uploads\/2021\/04\/www-768x1114.png 768w, https:\/\/sahabsigorta.com\/wp-content\/uploads\/2021\/04\/www-486x705.png 486w\" sizes=\"(max-width: 844px) 100vw, 844px\" \/><\/div><\/div><\/div><br \/>\n<div  style='padding-bottom:0px; ' class='av-special-heading av-special-heading-h3  blockquote modern-quote  avia-builder-el-28  el_after_av_image  el_before_av_hr  '><h3 class='av-special-heading-tag '  itemprop=\"headline\"  >Sonu\u00e7 odakl\u0131l\u0131k<\/h3><div class='special-heading-border'><div class='special-heading-inner-border' ><\/div><\/div><\/div><br \/>\n<div  style=' margin-top:10px; margin-bottom:10px;'  class='hr hr-custom hr-left hr-icon-no   avia-builder-el-29  el_after_av_heading  el_before_av_textblock '><span class='hr-inner  inner-border-av-border-fat' style=' width:50px; border-color:#efbb20;' ><span class='hr-inner-style'><\/span><\/span><\/div><br \/>\n<section class=\"av_textblock_section \"  itemscope=\"itemscope\" itemtype=\"https:\/\/schema.org\/CreativeWork\" ><div class='avia_textblock  '   itemprop=\"text\" ><ul>\n<li>: \u0130yi planlamayla zor ko\u015fullarda bile \u00e7\u00f6z\u00fcmler bulmak, sonu\u00e7lara tam g\u00fcvenle ula\u015fmak ve ba\u015far\u0131lar\u0131m\u0131zla ba\u015fkalar\u0131na ilham vermek.<\/li>\n<\/ul>\n<\/div><\/section><\/p><\/div>\n<\/div><\/div><\/div><!-- close content main div --><\/div><\/div><div id='after_section_3'  class='main_color av_default_container_wrap container_wrap sidebar_right' style=' '  ><div class='container' ><div class='template-page content  av-content-small alpha units'><div class='post-entry post-entry-type-page post-entry-31'><div class='entry-content-wrapper clearfix'>\n","protected":false},"excerpt":{"rendered":"","protected":false},"author":1,"featured_media":0,"parent":0,"menu_order":0,"comment_status":"closed","ping_status":"closed","template":"","meta":{"footnotes":""},"class_list":["post-31","page","type-page","status-publish","hentry"],"_links":{"self":[{"href":"https:\/\/sahabsigorta.com\/index.php?rest_route=\/wp\/v2\/pages\/31","targetHints":{"allow":["GET"]}}],"collection":[{"href":"https:\/\/sahabsigorta.com\/index.php?rest_route=\/wp\/v2\/pages"}],"about":[{"href":"https:\/\/sahabsigorta.com\/index.php?rest_route=\/wp\/v2\/types\/page"}],"author":[{"embeddable":true,"href":"https:\/\/sahabsigorta.com\/index.php?rest_route=\/wp\/v2\/users\/1"}],"replies":[{"embeddable":true,"href":"https:\/\/sahabsigorta.com\/index.php?rest_route=%2Fwp%2Fv2%2Fcomments&post=31"}],"version-history":[{"count":9,"href":"https:\/\/sahabsigorta.com\/index.php?rest_route=\/wp\/v2\/pages\/31\/revisions"}],"predecessor-version":[{"id":450,"href":"https:\/\/sahabsigorta.com\/index.php?rest_route=\/wp\/v2\/pages\/31\/revisions\/450"}],"wp:attachment":[{"href":"https:\/\/sahabsigorta.com\/index.php?rest_route=%2Fwp%2Fv2%2Fmedia&parent=31"}],"curies":[{"name":"wp","href":"https:\/\/api.w.org\/{rel}","templated":true}]}}